{"id":5,"date":"2022-04-23T17:42:11","date_gmt":"2022-04-23T17:42:11","guid":{"rendered":"https:\/\/www.valdepena.mx\/?page_id=5"},"modified":"2022-04-25T18:36:20","modified_gmt":"2022-04-25T18:36:20","slug":"acerca-de-mi","status":"publish","type":"page","link":"https:\/\/www.valdepena.mx\/en_us\/acerca-de-mi\/","title":{"rendered":"About me"},"content":{"rendered":"<p>I like visual narrative,  i studied graphic design, then cinema and screenwriting. I do illustration, comics, motion graphics and animation. If I can help you with anything, don't hesitate to contact me. <\/p>\n\n\n\n<figure class=\"wp-block-gallery has-nested-images columns-default is-cropped wp-block-gallery-1 is-layout-flex wp-block-gallery-is-layout-flex\">\n<figure class=\"wp-block-image size-large\"><img loading=\"lazy\" decoding=\"async\" width=\"900\" height=\"314\" data-attachment-id=\"64\" data-permalink=\"https:\/\/www.valdepena.mx\/en_us\/acerca_de_mi_001\/\" data-orig-file=\"https:\/\/www.valdepena.mx\/wp-content\/uploads\/2022\/04\/Acerca_de_mi_001.jpg\" data-orig-size=\"900,314\" data-comments-opened=\"1\" data-image-meta=\"{&quot;aperture&quot;:&quot;0&quot;,&quot;credit&quot;:&quot;&quot;,&quot;camera&quot;:&quot;&quot;,&quot;caption&quot;:&quot;&quot;,&quot;created_timestamp&quot;:&quot;0&quot;,&quot;copyright&quot;:&quot;&quot;,&quot;focal_length&quot;:&quot;0&quot;,&quot;iso&quot;:&quot;0&quot;,&quot;shutter_speed&quot;:&quot;0&quot;,&quot;title&quot;:&quot;&quot;,&quot;orientation&quot;:&quot;0&quot;}\" data-image-title=\"Acerca_de_mi_001\" data-image-description=\"\" data-image-caption=\"\" data-medium-file=\"https:\/\/www.valdepena.mx\/wp-content\/uploads\/2022\/04\/Acerca_de_mi_001-300x105.jpg\" data-large-file=\"https:\/\/www.valdepena.mx\/wp-content\/uploads\/2022\/04\/Acerca_de_mi_001.jpg\" data-id=\"64\" src=\"https:\/\/www.valdepena.mx\/wp-content\/uploads\/2022\/04\/Acerca_de_mi_001.jpg\" alt=\"\" class=\"wp-image-64\" srcset=\"https:\/\/www.valdepena.mx\/wp-content\/uploads\/2022\/04\/Acerca_de_mi_001.jpg 900w, https:\/\/www.valdepena.mx\/wp-content\/uploads\/2022\/04\/Acerca_de_mi_001-300x105.jpg 300w, https:\/\/www.valdepena.mx\/wp-content\/uploads\/2022\/04\/Acerca_de_mi_001-768x268.jpg 768w\" sizes=\"auto, (max-width: 900px) 100vw, 900px\" \/><\/figure>\n\n\n\n<figure class=\"wp-block-image size-large\"><img loading=\"lazy\" decoding=\"async\" width=\"900\" height=\"842\" data-attachment-id=\"65\" data-permalink=\"https:\/\/www.valdepena.mx\/en_us\/acerca_de_mi_002\/\" data-orig-file=\"https:\/\/www.valdepena.mx\/wp-content\/uploads\/2022\/04\/Acerca_de_mi_002.jpg\" data-orig-size=\"900,842\" data-comments-opened=\"1\" data-image-meta=\"{&quot;aperture&quot;:&quot;0&quot;,&quot;credit&quot;:&quot;&quot;,&quot;camera&quot;:&quot;&quot;,&quot;caption&quot;:&quot;&quot;,&quot;created_timestamp&quot;:&quot;0&quot;,&quot;copyright&quot;:&quot;&quot;,&quot;focal_length&quot;:&quot;0&quot;,&quot;iso&quot;:&quot;0&quot;,&quot;shutter_speed&quot;:&quot;0&quot;,&quot;title&quot;:&quot;&quot;,&quot;orientation&quot;:&quot;0&quot;}\" data-image-title=\"Acerca_de_mi_002\" data-image-description=\"\" data-image-caption=\"\" data-medium-file=\"https:\/\/www.valdepena.mx\/wp-content\/uploads\/2022\/04\/Acerca_de_mi_002-300x281.jpg\" data-large-file=\"https:\/\/www.valdepena.mx\/wp-content\/uploads\/2022\/04\/Acerca_de_mi_002.jpg\" data-id=\"65\" src=\"https:\/\/www.valdepena.mx\/wp-content\/uploads\/2022\/04\/Acerca_de_mi_002.jpg\" alt=\"\" class=\"wp-image-65\" srcset=\"https:\/\/www.valdepena.mx\/wp-content\/uploads\/2022\/04\/Acerca_de_mi_002.jpg 900w, https:\/\/www.valdepena.mx\/wp-content\/uploads\/2022\/04\/Acerca_de_mi_002-300x281.jpg 300w, https:\/\/www.valdepena.mx\/wp-content\/uploads\/2022\/04\/Acerca_de_mi_002-768x719.jpg 768w\" sizes=\"auto, (max-width: 900px) 100vw, 900px\" \/><\/figure>\n\n\n\n<figure class=\"wp-block-image size-large\"><img loading=\"lazy\" decoding=\"async\" width=\"900\" height=\"300\" data-attachment-id=\"66\" data-permalink=\"https:\/\/www.valdepena.mx\/en_us\/acerca_de_mi_003\/\" data-orig-file=\"https:\/\/www.valdepena.mx\/wp-content\/uploads\/2022\/04\/Acerca_de_mi_003.jpg\" data-orig-size=\"900,300\" data-comments-opened=\"1\" data-image-meta=\"{&quot;aperture&quot;:&quot;0&quot;,&quot;credit&quot;:&quot;&quot;,&quot;camera&quot;:&quot;&quot;,&quot;caption&quot;:&quot;&quot;,&quot;created_timestamp&quot;:&quot;0&quot;,&quot;copyright&quot;:&quot;&quot;,&quot;focal_length&quot;:&quot;0&quot;,&quot;iso&quot;:&quot;0&quot;,&quot;shutter_speed&quot;:&quot;0&quot;,&quot;title&quot;:&quot;&quot;,&quot;orientation&quot;:&quot;0&quot;}\" data-image-title=\"Acerca_de_mi_003\" data-image-description=\"\" data-image-caption=\"\" data-medium-file=\"https:\/\/www.valdepena.mx\/wp-content\/uploads\/2022\/04\/Acerca_de_mi_003-300x100.jpg\" data-large-file=\"https:\/\/www.valdepena.mx\/wp-content\/uploads\/2022\/04\/Acerca_de_mi_003.jpg\" data-id=\"66\" src=\"https:\/\/www.valdepena.mx\/wp-content\/uploads\/2022\/04\/Acerca_de_mi_003.jpg\" alt=\"\" class=\"wp-image-66\" srcset=\"https:\/\/www.valdepena.mx\/wp-content\/uploads\/2022\/04\/Acerca_de_mi_003.jpg 900w, https:\/\/www.valdepena.mx\/wp-content\/uploads\/2022\/04\/Acerca_de_mi_003-300x100.jpg 300w, https:\/\/www.valdepena.mx\/wp-content\/uploads\/2022\/04\/Acerca_de_mi_003-768x256.jpg 768w\" sizes=\"auto, (max-width: 900px) 100vw, 900px\" \/><\/figure>\n\n\n\n<figure class=\"wp-block-image size-large\"><img loading=\"lazy\" decoding=\"async\" width=\"900\" height=\"302\" data-attachment-id=\"67\" data-permalink=\"https:\/\/www.valdepena.mx\/en_us\/acerca_de_mi_004\/\" data-orig-file=\"https:\/\/www.valdepena.mx\/wp-content\/uploads\/2022\/04\/Acerca_de_mi_004.jpg\" data-orig-size=\"900,302\" data-comments-opened=\"1\" data-image-meta=\"{&quot;aperture&quot;:&quot;0&quot;,&quot;credit&quot;:&quot;&quot;,&quot;camera&quot;:&quot;&quot;,&quot;caption&quot;:&quot;&quot;,&quot;created_timestamp&quot;:&quot;0&quot;,&quot;copyright&quot;:&quot;&quot;,&quot;focal_length&quot;:&quot;0&quot;,&quot;iso&quot;:&quot;0&quot;,&quot;shutter_speed&quot;:&quot;0&quot;,&quot;title&quot;:&quot;&quot;,&quot;orientation&quot;:&quot;0&quot;}\" data-image-title=\"Acerca_de_mi_004\" data-image-description=\"\" data-image-caption=\"\" data-medium-file=\"https:\/\/www.valdepena.mx\/wp-content\/uploads\/2022\/04\/Acerca_de_mi_004-300x101.jpg\" data-large-file=\"https:\/\/www.valdepena.mx\/wp-content\/uploads\/2022\/04\/Acerca_de_mi_004.jpg\" data-id=\"67\" src=\"https:\/\/www.valdepena.mx\/wp-content\/uploads\/2022\/04\/Acerca_de_mi_004.jpg\" alt=\"\" class=\"wp-image-67\" srcset=\"https:\/\/www.valdepena.mx\/wp-content\/uploads\/2022\/04\/Acerca_de_mi_004.jpg 900w, https:\/\/www.valdepena.mx\/wp-content\/uploads\/2022\/04\/Acerca_de_mi_004-300x101.jpg 300w, https:\/\/www.valdepena.mx\/wp-content\/uploads\/2022\/04\/Acerca_de_mi_004-768x258.jpg 768w\" sizes=\"auto, (max-width: 900px) 100vw, 900px\" \/><\/figure>\n\n\n\n<figure class=\"wp-block-image size-large\"><img loading=\"lazy\" decoding=\"async\" width=\"900\" height=\"298\" data-attachment-id=\"68\" data-permalink=\"https:\/\/www.valdepena.mx\/en_us\/acerca_de_mi_005\/\" data-orig-file=\"https:\/\/www.valdepena.mx\/wp-content\/uploads\/2022\/04\/Acerca_de_mi_005.jpg\" data-orig-size=\"900,298\" data-comments-opened=\"1\" data-image-meta=\"{&quot;aperture&quot;:&quot;0&quot;,&quot;credit&quot;:&quot;&quot;,&quot;camera&quot;:&quot;&quot;,&quot;caption&quot;:&quot;&quot;,&quot;created_timestamp&quot;:&quot;0&quot;,&quot;copyright&quot;:&quot;&quot;,&quot;focal_length&quot;:&quot;0&quot;,&quot;iso&quot;:&quot;0&quot;,&quot;shutter_speed&quot;:&quot;0&quot;,&quot;title&quot;:&quot;&quot;,&quot;orientation&quot;:&quot;0&quot;}\" data-image-title=\"Acerca_de_mi_005\" data-image-description=\"\" data-image-caption=\"\" data-medium-file=\"https:\/\/www.valdepena.mx\/wp-content\/uploads\/2022\/04\/Acerca_de_mi_005-300x99.jpg\" data-large-file=\"https:\/\/www.valdepena.mx\/wp-content\/uploads\/2022\/04\/Acerca_de_mi_005.jpg\" data-id=\"68\" src=\"https:\/\/www.valdepena.mx\/wp-content\/uploads\/2022\/04\/Acerca_de_mi_005.jpg\" alt=\"\" class=\"wp-image-68\" srcset=\"https:\/\/www.valdepena.mx\/wp-content\/uploads\/2022\/04\/Acerca_de_mi_005.jpg 900w, https:\/\/www.valdepena.mx\/wp-content\/uploads\/2022\/04\/Acerca_de_mi_005-300x99.jpg 300w, https:\/\/www.valdepena.mx\/wp-content\/uploads\/2022\/04\/Acerca_de_mi_005-768x254.jpg 768w\" sizes=\"auto, (max-width: 900px) 100vw, 900px\" \/><\/figure>\n\n\n\n<figure class=\"wp-block-image size-large\"><img loading=\"lazy\" decoding=\"async\" width=\"900\" height=\"592\" data-attachment-id=\"69\" data-permalink=\"https:\/\/www.valdepena.mx\/en_us\/acerca_de_mi_006\/\" data-orig-file=\"https:\/\/www.valdepena.mx\/wp-content\/uploads\/2022\/04\/Acerca_de_mi_006.jpg\" data-orig-size=\"900,592\" data-comments-opened=\"1\" data-image-meta=\"{&quot;aperture&quot;:&quot;0&quot;,&quot;credit&quot;:&quot;&quot;,&quot;camera&quot;:&quot;&quot;,&quot;caption&quot;:&quot;&quot;,&quot;created_timestamp&quot;:&quot;0&quot;,&quot;copyright&quot;:&quot;&quot;,&quot;focal_length&quot;:&quot;0&quot;,&quot;iso&quot;:&quot;0&quot;,&quot;shutter_speed&quot;:&quot;0&quot;,&quot;title&quot;:&quot;&quot;,&quot;orientation&quot;:&quot;0&quot;}\" data-image-title=\"Acerca_de_mi_006\" data-image-description=\"\" data-image-caption=\"\" data-medium-file=\"https:\/\/www.valdepena.mx\/wp-content\/uploads\/2022\/04\/Acerca_de_mi_006-300x197.jpg\" data-large-file=\"https:\/\/www.valdepena.mx\/wp-content\/uploads\/2022\/04\/Acerca_de_mi_006.jpg\" data-id=\"69\" src=\"https:\/\/www.valdepena.mx\/wp-content\/uploads\/2022\/04\/Acerca_de_mi_006.jpg\" alt=\"\" class=\"wp-image-69\" srcset=\"https:\/\/www.valdepena.mx\/wp-content\/uploads\/2022\/04\/Acerca_de_mi_006.jpg 900w, https:\/\/www.valdepena.mx\/wp-content\/uploads\/2022\/04\/Acerca_de_mi_006-300x197.jpg 300w, https:\/\/www.valdepena.mx\/wp-content\/uploads\/2022\/04\/Acerca_de_mi_006-768x505.jpg 768w\" sizes=\"auto, (max-width: 900px) 100vw, 900px\" \/><\/figure>\n\n\n\n<figure class=\"wp-block-image size-large\"><img loading=\"lazy\" decoding=\"async\" width=\"900\" height=\"578\" data-attachment-id=\"70\" data-permalink=\"https:\/\/www.valdepena.mx\/en_us\/acerca_de_mi_007\/\" data-orig-file=\"https:\/\/www.valdepena.mx\/wp-content\/uploads\/2022\/04\/Acerca_de_mi_007.jpg\" data-orig-size=\"900,578\" data-comments-opened=\"1\" data-image-meta=\"{&quot;aperture&quot;:&quot;0&quot;,&quot;credit&quot;:&quot;&quot;,&quot;camera&quot;:&quot;&quot;,&quot;caption&quot;:&quot;&quot;,&quot;created_timestamp&quot;:&quot;0&quot;,&quot;copyright&quot;:&quot;&quot;,&quot;focal_length&quot;:&quot;0&quot;,&quot;iso&quot;:&quot;0&quot;,&quot;shutter_speed&quot;:&quot;0&quot;,&quot;title&quot;:&quot;&quot;,&quot;orientation&quot;:&quot;0&quot;}\" data-image-title=\"Acerca_de_mi_007\" data-image-description=\"\" data-image-caption=\"\" data-medium-file=\"https:\/\/www.valdepena.mx\/wp-content\/uploads\/2022\/04\/Acerca_de_mi_007-300x193.jpg\" data-large-file=\"https:\/\/www.valdepena.mx\/wp-content\/uploads\/2022\/04\/Acerca_de_mi_007.jpg\" data-id=\"70\" src=\"https:\/\/www.valdepena.mx\/wp-content\/uploads\/2022\/04\/Acerca_de_mi_007.jpg\" alt=\"\" class=\"wp-image-70\" srcset=\"https:\/\/www.valdepena.mx\/wp-content\/uploads\/2022\/04\/Acerca_de_mi_007.jpg 900w, https:\/\/www.valdepena.mx\/wp-content\/uploads\/2022\/04\/Acerca_de_mi_007-300x193.jpg 300w, https:\/\/www.valdepena.mx\/wp-content\/uploads\/2022\/04\/Acerca_de_mi_007-768x493.jpg 768w\" sizes=\"auto, (max-width: 900px) 100vw, 900px\" \/><\/figure>\n\n\n\n<figure class=\"wp-block-image size-large\"><img loading=\"lazy\" decoding=\"async\" width=\"900\" height=\"299\" data-attachment-id=\"71\" data-permalink=\"https:\/\/www.valdepena.mx\/en_us\/acerca_de_mi_008\/\" data-orig-file=\"https:\/\/www.valdepena.mx\/wp-content\/uploads\/2022\/04\/Acerca_de_mi_008.jpg\" data-orig-size=\"900,299\" data-comments-opened=\"1\" data-image-meta=\"{&quot;aperture&quot;:&quot;0&quot;,&quot;credit&quot;:&quot;&quot;,&quot;camera&quot;:&quot;&quot;,&quot;caption&quot;:&quot;&quot;,&quot;created_timestamp&quot;:&quot;0&quot;,&quot;copyright&quot;:&quot;&quot;,&quot;focal_length&quot;:&quot;0&quot;,&quot;iso&quot;:&quot;0&quot;,&quot;shutter_speed&quot;:&quot;0&quot;,&quot;title&quot;:&quot;&quot;,&quot;orientation&quot;:&quot;0&quot;}\" data-image-title=\"Acerca_de_mi_008\" data-image-description=\"\" data-image-caption=\"\" data-medium-file=\"https:\/\/www.valdepena.mx\/wp-content\/uploads\/2022\/04\/Acerca_de_mi_008-300x100.jpg\" data-large-file=\"https:\/\/www.valdepena.mx\/wp-content\/uploads\/2022\/04\/Acerca_de_mi_008.jpg\" data-id=\"71\" src=\"https:\/\/www.valdepena.mx\/wp-content\/uploads\/2022\/04\/Acerca_de_mi_008.jpg\" alt=\"\" class=\"wp-image-71\" srcset=\"https:\/\/www.valdepena.mx\/wp-content\/uploads\/2022\/04\/Acerca_de_mi_008.jpg 900w, https:\/\/www.valdepena.mx\/wp-content\/uploads\/2022\/04\/Acerca_de_mi_008-300x100.jpg 300w, https:\/\/www.valdepena.mx\/wp-content\/uploads\/2022\/04\/Acerca_de_mi_008-768x255.jpg 768w\" sizes=\"auto, (max-width: 900px) 100vw, 900px\" \/><\/figure>\n\n\n\n<figure class=\"wp-block-image size-large\"><img loading=\"lazy\" decoding=\"async\" width=\"900\" height=\"596\" data-attachment-id=\"72\" data-permalink=\"https:\/\/www.valdepena.mx\/en_us\/acerca_de_mi_009\/\" data-orig-file=\"https:\/\/www.valdepena.mx\/wp-content\/uploads\/2022\/04\/Acerca_de_mi_009.jpg\" data-orig-size=\"900,596\" data-comments-opened=\"1\" data-image-meta=\"{&quot;aperture&quot;:&quot;0&quot;,&quot;credit&quot;:&quot;&quot;,&quot;camera&quot;:&quot;&quot;,&quot;caption&quot;:&quot;&quot;,&quot;created_timestamp&quot;:&quot;0&quot;,&quot;copyright&quot;:&quot;&quot;,&quot;focal_length&quot;:&quot;0&quot;,&quot;iso&quot;:&quot;0&quot;,&quot;shutter_speed&quot;:&quot;0&quot;,&quot;title&quot;:&quot;&quot;,&quot;orientation&quot;:&quot;0&quot;}\" data-image-title=\"Acerca_de_mi_009\" data-image-description=\"\" data-image-caption=\"\" data-medium-file=\"https:\/\/www.valdepena.mx\/wp-content\/uploads\/2022\/04\/Acerca_de_mi_009-300x199.jpg\" data-large-file=\"https:\/\/www.valdepena.mx\/wp-content\/uploads\/2022\/04\/Acerca_de_mi_009.jpg\" data-id=\"72\" src=\"https:\/\/www.valdepena.mx\/wp-content\/uploads\/2022\/04\/Acerca_de_mi_009.jpg\" alt=\"\" class=\"wp-image-72\" srcset=\"https:\/\/www.valdepena.mx\/wp-content\/uploads\/2022\/04\/Acerca_de_mi_009.jpg 900w, https:\/\/www.valdepena.mx\/wp-content\/uploads\/2022\/04\/Acerca_de_mi_009-300x199.jpg 300w, https:\/\/www.valdepena.mx\/wp-content\/uploads\/2022\/04\/Acerca_de_mi_009-768x509.jpg 768w\" sizes=\"auto, (max-width: 900px) 100vw, 900px\" \/><\/figure>\n<\/figure>","protected":false},"excerpt":{"rendered":"<p>Me gusta la narrativa visual, estudi\u00e9 dise\u00f1o gr\u00e1fico, luego cine y guionismo. hago ilustraci\u00f3n, comics, motion graphics y animaci\u00f3n. Si puedo ayudarte en algo, no&hellip; <\/p>","protected":false},"author":1,"featured_media":0,"parent":0,"menu_order":0,"comment_status":"closed","ping_status":"closed","template":"page-templates\/aboutus-template.php","meta":{"footnotes":""},"class_list":["post-5","page","type-page","status-publish","hentry"],"jetpack_sharing_enabled":true,"_links":{"self":[{"href":"https:\/\/www.valdepena.mx\/en_us\/wp-json\/wp\/v2\/pages\/5","targetHints":{"allow":["GET"]}}],"collection":[{"href":"https:\/\/www.valdepena.mx\/en_us\/wp-json\/wp\/v2\/pages"}],"about":[{"href":"https:\/\/www.valdepena.mx\/en_us\/wp-json\/wp\/v2\/types\/page"}],"author":[{"embeddable":true,"href":"https:\/\/www.valdepena.mx\/en_us\/wp-json\/wp\/v2\/users\/1"}],"replies":[{"embeddable":true,"href":"https:\/\/www.valdepena.mx\/en_us\/wp-json\/wp\/v2\/comments?post=5"}],"version-history":[{"count":4,"href":"https:\/\/www.valdepena.mx\/en_us\/wp-json\/wp\/v2\/pages\/5\/revisions"}],"predecessor-version":[{"id":74,"href":"https:\/\/www.valdepena.mx\/en_us\/wp-json\/wp\/v2\/pages\/5\/revisions\/74"}],"wp:attachment":[{"href":"https:\/\/www.valdepena.mx\/en_us\/wp-json\/wp\/v2\/media?parent=5"}],"curies":[{"name":"wp","href":"https:\/\/api.w.org\/{rel}","templated":true}]}}